{"id":14,"date":"2024-06-04T10:41:02","date_gmt":"2024-06-04T10:41:02","guid":{"rendered":"https:\/\/biosalut.cat\/?page_id=14"},"modified":"2025-11-18T13:19:50","modified_gmt":"2025-11-18T13:19:50","slug":"sobre-biosalut","status":"publish","type":"page","link":"https:\/\/biosalut.cat\/es\/","title":{"rendered":"Biosalut Nutrici\u00f3 Geri\u00e0trica Catalunya Barcelona Sabadell"},"content":{"rendered":"<div data-elementor-type=\"wp-page\" data-elementor-id=\"14\" class=\"elementor elementor-14\" data-elementor-post-type=\"page\">\n\t\t\t\t<div class=\"elementor-element elementor-element-3f44633 e-con-full e-flex e-con e-parent\" data-id=\"3f44633\" data-element_type=\"container\" data-e-type=\"container\" data-no-translation=\"\">\n\t\t\t\t<\/div>\n\t\t<div class=\"elementor-element elementor-element-9ef75f5 e-flex e-con-boxed e-con e-parent\" data-id=\"9ef75f5\" data-element_type=\"container\" data-e-type=\"container\">\n\t\t\t\t\t<div class=\"e-con-inner\">\n\t\t\t\t<div class=\"elementor-element elementor-element-1d68172 elementor-widget elementor-widget-heading\" data-id=\"1d68172\" data-element_type=\"widget\" data-e-type=\"widget\" data-widget_type=\"heading.default\">\n\t\t\t\t<div class=\"elementor-widget-container\">\n\t\t\t\t\t<h1 class=\"elementor-heading-title elementor-size-default\">Nutrici\u00f3n Geri\u00e1trica en Catalu\u00f1a<\/h1>\t\t\t\t<\/div>\n\t\t\t\t<\/div>\n\t\t\t\t\t<\/div>\n\t\t\t\t<\/div>\n\t\t<div class=\"elementor-element elementor-element-dc76af8 e-flex e-con-boxed e-con e-parent\" data-id=\"dc76af8\" data-element_type=\"container\" data-e-type=\"container\" data-settings=\"{&quot;background_background&quot;:&quot;classic&quot;}\">\n\t\t\t\t\t<div class=\"e-con-inner\">\n\t\t<div class=\"elementor-element elementor-element-d71720b e-con-full e-flex e-con e-child\" data-id=\"d71720b\" data-element_type=\"container\" data-e-type=\"container\">\n\t\t\t\t<div class=\"elementor-element elementor-element-b9337c6 elementor-widget-divider--view-line elementor-widget elementor-widget-divider\" data-id=\"b9337c6\" data-element_type=\"widget\" data-e-type=\"widget\" data-widget_type=\"divider.default\">\n\t\t\t\t<div class=\"elementor-widget-container\">\n\t\t\t\t\t\t\t<div class=\"elementor-divider\">\n\t\t\t<span class=\"elementor-divider-separator\">\n\t\t\t\t\t\t<\/span>\n\t\t<\/div>\n\t\t\t\t\t\t<\/div>\n\t\t\t\t<\/div>\n\t\t\t\t<div class=\"elementor-element elementor-element-555e8ab elementor-widget elementor-widget-text-editor\" data-id=\"555e8ab\" data-element_type=\"widget\" data-e-type=\"widget\" data-widget_type=\"text-editor.default\">\n\t\t\t\t<div class=\"elementor-widget-container\">\n\t\t\t\t\t\t\t\t\t<p class=\" translation-block\">En <strong>BioSalut<\/strong> somos especialistas en nutrici\u00f3n integral y en gesti\u00f3n de la calidad alimentaria para residencias geri\u00e1tricas en Barcelona, Sabadell y toda Catalu\u00f1a<\/p>\t\t\t\t\t\t\t\t<\/div>\n\t\t\t\t<\/div>\n\t\t\t\t<div class=\"elementor-element elementor-element-6b0424c elementor-widget-divider--view-line elementor-widget elementor-widget-divider\" data-id=\"6b0424c\" data-element_type=\"widget\" data-e-type=\"widget\" data-widget_type=\"divider.default\">\n\t\t\t\t<div class=\"elementor-widget-container\">\n\t\t\t\t\t\t\t<div class=\"elementor-divider\">\n\t\t\t<span class=\"elementor-divider-separator\">\n\t\t\t\t\t\t<\/span>\n\t\t<\/div>\n\t\t\t\t\t\t<\/div>\n\t\t\t\t<\/div>\n\t\t\t\t<\/div>\n\t\t\t\t\t<\/div>\n\t\t\t\t<\/div>\n\t\t<div class=\"elementor-element elementor-element-fb032b7 e-flex e-con-boxed e-con e-parent\" data-id=\"fb032b7\" data-element_type=\"container\" data-e-type=\"container\">\n\t\t\t\t\t<div class=\"e-con-inner\">\n\t\t<div class=\"elementor-element elementor-element-a18233a e-con-full e-flex e-con e-child\" data-id=\"a18233a\" data-element_type=\"container\" data-e-type=\"container\">\n\t\t\t\t<div class=\"elementor-element elementor-element-043a5ef elementor-widget__width-initial elementor-widget-mobile__width-initial elementor-widget elementor-widget-text-editor\" data-id=\"043a5ef\" data-element_type=\"widget\" data-e-type=\"widget\" data-widget_type=\"text-editor.default\">\n\t\t\t\t<div class=\"elementor-widget-container\">\n\t\t\t\t\t\t\t\t\t<h2><strong>\u00bfQU\u00c9 HACEMOS?<\/strong><\/h2>\n<p data-sourcepos=\"3:1-3:202\">Ofrecemos servicios integrales de nutrici\u00f3n para instituciones geri\u00e1tricas, adapt\u00e1ndonos a las necesidades de cada centro y priorizando el bienestar de los usuarios. Somos expertos en <b>nutrici\u00f3n geri\u00e1trica en Catalu\u00f1a<\/b>.<\/p>\n<p data-sourcepos=\"3:1-3:202\">\n<\/p><h2><strong>Experiencia y Conocimientos<\/strong><\/h2>\n<ul>\n<li style=\"list-style-type: none;\">\n<ul>\n<li data-sourcepos=\"7:1-10:223\"><strong><a href=\"https:\/\/biosalut.cat\/\">Nutrici\u00f3n geri\u00e1trica<\/a>:<\/strong> Asesoramiento integral en necesidades nutricionales de residentes, considerando cambios fisiol\u00f3gicos y aplicando el <a href=\"https:\/\/www.diba.cat\/documents\/167269\/170924\/consum-descarrega-ggtecnica-pdf.pdf\" target=\"_blank\" rel=\"noopener\">Programa de Atenci\u00f3n Individualizada <strong>(PAI)<\/strong><\/a> cuando sea necesario.<\/li>\n<li data-sourcepos=\"7:1-10:223\"><strong><a href=\"https:\/\/biosalut.cat\/consultoria-nutricional\/\">Consultor\u00eda nutricional<\/a> En instituciones para personas mayores:<\/strong> Aseguramos el cumplimiento normativo, optimizamos recursos y garantizamos una nutrici\u00f3n \u00f3ptima, evaluando y proponiendo mejoras en Seguridad Alimentaria y APPCC<\/li>\n<li data-sourcepos=\"7:1-10:223\"><strong><a href=\"https:\/\/biosalut.cat\/validacio-de-menus\/\">Planificaci\u00f3n y validaci\u00f3n de men\u00fas<\/a>:<\/strong> Creaci\u00f3n y validaci\u00f3n de men\u00fas adaptados para colectividades, equilibrados y saludables, y dise\u00f1o de pautas diet\u00e9ticas personalizadas para personas con enfermedades cr\u00f3nicas.<\/li>\n<li data-sourcepos=\"7:1-10:223\"><strong><a href=\"https:\/\/biosalut.cat\/formacio-nutricio\/\">Formaci\u00f3n<\/a>:<\/strong> Formaci\u00f3n en higiene y manipulaci\u00f3n de alimentos y en otras \u00e1reas relacionadas con el \u00e1mbito de las residencias.<\/li>\n<\/ul>\n<\/li>\n<\/ul>\n<h2><strong>Servicios adicionales<\/strong><\/h2>\n<ul>\n<li data-sourcepos=\"14:1-15:201\" class=\" translation-block\"><strong>Comunicaci\u00f3n y colaboraci\u00f3n como servicio de apoyo:<\/strong> Proporcionamos soporte continuo con una comunicaci\u00f3n efectiva entre usuarios, residentes, personal y familiares para garantizar una gesti\u00f3n eficaz y una mejor calidad de atenci\u00f3n.<\/li>\n<li data-sourcepos=\"14:1-15:201\" class=\" translation-block\"><strong>Creaci\u00f3n de art\u00edculos y propuestas de marketing personalizadas:<\/strong> Promovemos la alimentaci\u00f3n saludable y adaptada a cada instituci\u00f3n, destacando los puntos fuertes del centro para mejorar su imagen y servicio.<\/li>\n<\/ul>\t\t\t\t\t\t\t\t<\/div>\n\t\t\t\t<\/div>\n\t\t\t\t<\/div>\n\t\t<div class=\"elementor-element elementor-element-e4500d7 e-con-full e-flex e-con e-child\" data-id=\"e4500d7\" data-element_type=\"container\" data-e-type=\"container\">\n\t\t\t\t<div class=\"elementor-element elementor-element-6f28b20 animated-slow elementor-widget elementor-widget-image\" data-id=\"6f28b20\" data-element_type=\"widget\" data-e-type=\"widget\" data-settings=\"{&quot;_animation&quot;:&quot;none&quot;}\" data-no-translation=\"\" data-widget_type=\"image.default\">\n\t\t\t\t<div class=\"elementor-widget-container\">\n\t\t\t\t\t<style>.elementor-element-6f28b20{display:none !important}<\/style>\t\t\t\t<\/div>\n\t\t\t\t<\/div>\n\t\t\t\t<div class=\"elementor-element elementor-element-519c949 animated-slow elementor-widget elementor-widget-image\" data-id=\"519c949\" data-element_type=\"widget\" data-e-type=\"widget\" data-settings=\"{&quot;_animation&quot;:&quot;none&quot;}\" data-no-translation=\"\" data-widget_type=\"image.default\">\n\t\t\t\t<div class=\"elementor-widget-container\">\n\t\t\t\t\t\t\t\t\t\t\t\t\t\t\t\t<a href=\"https:\/\/biosalut.cat\/es\/contacto\/\">\n\t\t\t\t\t\t\t<img fetchpriority=\"high\" decoding=\"async\" width=\"504\" height=\"284\" src=\"https:\/\/biosalut.cat\/wp-content\/uploads\/2025\/04\/banner_es.webp\" class=\"attachment-full size-full wp-image-3652\" alt=\"Geriatr\u00eda. Consulta individual y a domicilio.\" srcset=\"https:\/\/biosalut.cat\/wp-content\/uploads\/2025\/04\/banner_es.webp 504w, https:\/\/biosalut.cat\/wp-content\/uploads\/2025\/04\/banner_es-300x169.webp 300w, https:\/\/biosalut.cat\/wp-content\/uploads\/2025\/04\/banner_es-18x10.webp 18w\" sizes=\"(max-width: 504px) 100vw, 504px\" \/>\t\t\t\t\t\t\t\t<\/a>\n\t\t\t\t\t\t\t\t\t\t\t\t\t\t\t<\/div>\n\t\t\t\t<\/div>\n\t\t\t\t<div class=\"elementor-element elementor-element-08d7367 elementor-widget elementor-widget-text-editor\" data-id=\"08d7367\" data-element_type=\"widget\" data-e-type=\"widget\" data-widget_type=\"text-editor.default\">\n\t\t\t\t<div class=\"elementor-widget-container\">\n\t\t\t\t\t\t\t\t\t<h2><strong><span style=\"color: #669933;\">Por qu\u00e9 elegirnos<\/span><\/strong><\/h2>\t\t\t\t\t\t\t\t<\/div>\n\t\t\t\t<\/div>\n\t\t\t\t<div class=\"elementor-element elementor-element-4d6c96d elementor-widget elementor-widget-text-editor\" data-id=\"4d6c96d\" data-element_type=\"widget\" data-e-type=\"widget\" data-widget_type=\"text-editor.default\">\n\t\t\t\t<div class=\"elementor-widget-container\">\n\t\t\t\t\t\t\t\t\t<ol style=\"list-style-position: outside;\"><li style=\"margin-bottom: 20px;\"><strong>Experiencia comprobada:<\/strong> Desde 2018 dedicados a la nutrici\u00f3n para personas mayores.<\/li><li style=\"margin-bottom: 20px;\" class=\" translation-block\"><strong>Especializaci\u00f3n:<\/strong> Expertos en auditor\u00edas nutricionales y formaci\u00f3n personalizada para residencias.<\/li><li style=\"margin-bottom: 20px;\" class=\" translation-block\"><strong>Compromiso con la excelencia:<\/strong> Mejoramos la calidad de vida de las personas mayores mediante una atenci\u00f3n personalizada y basada en evidencia cient\u00edfica.<\/li><li style=\"margin-bottom: 20px;\" class=\" translation-block\"><strong>Actualizaci\u00f3n constante:<\/strong> Nos mantenemos al d\u00eda con las \u00faltimas tendencias y regulaciones del sector.<\/li><li class=\" translation-block\"><strong>Nuestros clientes son nuestro compromiso:<\/strong> Trabajamos con dedicaci\u00f3n para garantizar el mejor servicio y resultados, adapt\u00e1ndonos a las necesidades espec\u00edficas de cada residencia y asegurando su satisfacci\u00f3n.<\/li><\/ol><p style=\"text-align: center;\"><strong>\u00bfQuer\u00e9is mejorar la calidad y la eficiencia de vuestra residencia?<\/strong><\/p><p style=\"text-align: center;\">No dud\u00e9is en contactarnos.<\/p>\t\t\t\t\t\t\t\t<\/div>\n\t\t\t\t<\/div>\n\t\t\t\t<\/div>\n\t\t\t\t\t<\/div>\n\t\t\t\t<\/div>\n\t\t<div class=\"elementor-element elementor-element-7a8bb14 e-flex e-con-boxed e-con e-parent\" data-id=\"7a8bb14\" data-element_type=\"container\" data-e-type=\"container\">\n\t\t\t\t\t<div class=\"e-con-inner\">\n\t\t<div class=\"elementor-element elementor-element-730c516 e-con-full e-flex e-con e-child\" data-id=\"730c516\" data-element_type=\"container\" data-e-type=\"container\">\n\t\t\t\t<div class=\"elementor-element elementor-element-8f64930 elementor-widget elementor-widget-image\" data-id=\"8f64930\" data-element_type=\"widget\" data-e-type=\"widget\" data-widget_type=\"image.default\">\n\t\t\t\t<div class=\"elementor-widget-container\">\n\t\t\t\t\t\t\t\t\t\t\t\t\t\t\t<img decoding=\"async\" width=\"1024\" height=\"565\" src=\"https:\/\/biosalut.cat\/wp-content\/uploads\/2025\/04\/Flecha.webp\" class=\"attachment-large size-large wp-image-3598\" alt=\"\" srcset=\"https:\/\/biosalut.cat\/wp-content\/uploads\/2025\/04\/Flecha.webp 1049w, https:\/\/biosalut.cat\/wp-content\/uploads\/2025\/04\/Flecha-300x166.webp 300w, https:\/\/biosalut.cat\/wp-content\/uploads\/2025\/04\/Flecha-1024x565.webp 1024w, https:\/\/biosalut.cat\/wp-content\/uploads\/2025\/04\/Flecha-768x424.webp 768w, https:\/\/biosalut.cat\/wp-content\/uploads\/2025\/04\/Flecha-18x10.webp 18w\" sizes=\"(max-width: 1024px) 100vw, 1024px\" \/>\t\t\t\t\t\t\t\t\t\t\t\t\t\t\t<\/div>\n\t\t\t\t<\/div>\n\t\t\t\t<\/div>\n\t\t<div class=\"elementor-element elementor-element-7cacbce e-con-full elementor-hidden-mobile e-flex e-con e-child\" data-id=\"7cacbce\" data-element_type=\"container\" data-e-type=\"container\">\n\t\t\t\t<div class=\"elementor-element elementor-element-97eae90 elementor-widget elementor-widget-image\" data-id=\"97eae90\" data-element_type=\"widget\" data-e-type=\"widget\" data-widget_type=\"image.default\">\n\t\t\t\t<div class=\"elementor-widget-container\">\n\t\t\t\t\t\t\t\t\t\t\t\t\t\t\t<img decoding=\"async\" width=\"300\" height=\"100\" src=\"https:\/\/biosalut.cat\/wp-content\/uploads\/2025\/03\/cropped-logo_horitzontal_petit-220x73.webp\" class=\"attachment-large size-large wp-image-2681\" alt=\"logo peque\u00f1o\" srcset=\"\" sizes=\"(max-width: 300px) 100vw, 300px\" data-srcset=\"\" \/>\t\t\t\t\t\t\t\t\t\t\t\t\t\t\t<\/div>\n\t\t\t\t<\/div>\n\t\t\t\t<\/div>\n\t\t\t\t\t<\/div>\n\t\t\t\t<\/div>\n\t\t\t\t<\/div>","protected":false},"excerpt":{"rendered":"<p>Nutrici\u00f3 Geri\u00e0trica a Catalunya A BioSalut som especialstes en nutrici\u00f3 integral i gesti\u00f3 de la qualitat aliment\u00e0ria per a resid\u00e8ncies&nbsp;geri\u00e0triques&nbsp;a Barcelona, Sabadell i tota Catalunya QU\u00c8 FEM? Oferim serveis integrals de nutrici\u00f3 per a institucions geri\u00e0triques, adaptant-nos a les necessitats de cada centre i prioritzant el benestar dels usuaris. Som experts en nutrici\u00f3 geri\u00e0trica a [&hellip;]<\/p>\n","protected":false},"author":1,"featured_media":0,"parent":0,"menu_order":0,"comment_status":"closed","ping_status":"closed","template":"","meta":{"_analytify_skip_tracking":false,"site-sidebar-layout":"no-sidebar","site-content-layout":"page-builder","ast-site-content-layout":"full-width-container","site-content-style":"unboxed","site-sidebar-style":"unboxed","ast-global-header-display":"","ast-banner-title-visibility":"","ast-main-header-display":"","ast-hfb-above-header-display":"","ast-hfb-below-header-display":"","ast-hfb-mobile-header-display":"","site-post-title":"disabled","ast-breadcrumbs-content":"","ast-featured-img":"disabled","footer-sml-layout":"","ast-disable-related-posts":"","theme-transparent-header-meta":"disabled","adv-header-id-meta":"","stick-header-meta":"","header-above-stick-meta":"","header-main-stick-meta":"","header-below-stick-meta":"","astra-migrate-meta-layouts":"set","ast-page-background-enabled":"default","ast-page-background-meta":{"desktop":{"background-color":"var(--ast-global-color-4)","background-image":"","background-repeat":"repeat","background-position":"center center","background-size":"auto","background-attachment":"scroll","background-type":"","background-media":"","overlay-type":"","overlay-color":"","overlay-opacity":"","overlay-gradient":""},"tablet":{"background-color":"","background-image":"","background-repeat":"repeat","background-position":"center center","background-size":"auto","background-attachment":"scroll","background-type":"","background-media":"","overlay-type":"","overlay-color":"","overlay-opacity":"","overlay-gradient":""},"mobile":{"background-color":"","background-image":"","background-repeat":"repeat","background-position":"center center","background-size":"auto","background-attachment":"scroll","background-type":"","background-media":"","overlay-type":"","overlay-color":"","overlay-opacity":"","overlay-gradient":""}},"ast-content-background-meta":{"desktop":{"background-color":"var(--ast-global-color-5)","background-image":"","background-repeat":"repeat","background-position":"center center","background-size":"auto","background-attachment":"scroll","background-type":"","background-media":"","overlay-type":"","overlay-color":"","overlay-opacity":"","overlay-gradient":""},"tablet":{"background-color":"var(--ast-global-color-5)","background-image":"","background-repeat":"repeat","background-position":"center center","background-size":"auto","background-attachment":"scroll","background-type":"","background-media":"","overlay-type":"","overlay-color":"","overlay-opacity":"","overlay-gradient":""},"mobile":{"background-color":"var(--ast-global-color-5)","background-image":"","background-repeat":"repeat","background-position":"center center","background-size":"auto","background-attachment":"scroll","background-type":"","background-media":"","overlay-type":"","overlay-color":"","overlay-opacity":"","overlay-gradient":""}},"footnotes":""},"class_list":["post-14","page","type-page","status-publish","hentry"],"jetpack_sharing_enabled":true,"rttpg_featured_image_url":null,"rttpg_author":{"display_name":"admin","author_link":"https:\/\/biosalut.cat\/es\/author\/miquel-banos\/"},"rttpg_comment":0,"rttpg_category":null,"rttpg_excerpt":"Nutrici\u00f3 Geri\u00e0trica a Catalunya A BioSalut som especialstes en nutrici\u00f3 integral i gesti\u00f3 de la qualitat aliment\u00e0ria per a resid\u00e8ncies&nbsp;geri\u00e0triques&nbsp;a Barcelona, Sabadell i tota Catalunya QU\u00c8 FEM? Oferim serveis integrals de nutrici\u00f3 per a institucions geri\u00e0triques, adaptant-nos a les necessitats de cada centre i prioritzant el benestar dels usuaris. Som experts en nutrici\u00f3 geri\u00e0trica a&hellip;","_links":{"self":[{"href":"https:\/\/biosalut.cat\/es\/wp-json\/wp\/v2\/pages\/14","targetHints":{"allow":["GET"]}}],"collection":[{"href":"https:\/\/biosalut.cat\/es\/wp-json\/wp\/v2\/pages"}],"about":[{"href":"https:\/\/biosalut.cat\/es\/wp-json\/wp\/v2\/types\/page"}],"author":[{"embeddable":true,"href":"https:\/\/biosalut.cat\/es\/wp-json\/wp\/v2\/users\/1"}],"replies":[{"embeddable":true,"href":"https:\/\/biosalut.cat\/es\/wp-json\/wp\/v2\/comments?post=14"}],"version-history":[{"count":524,"href":"https:\/\/biosalut.cat\/es\/wp-json\/wp\/v2\/pages\/14\/revisions"}],"predecessor-version":[{"id":4255,"href":"https:\/\/biosalut.cat\/es\/wp-json\/wp\/v2\/pages\/14\/revisions\/4255"}],"wp:attachment":[{"href":"https:\/\/biosalut.cat\/es\/wp-json\/wp\/v2\/media?parent=14"}],"curies":[{"name":"wp","href":"https:\/\/api.w.org\/{rel}","templated":true}]}}