{"id":3186,"date":"2025-03-10T10:42:36","date_gmt":"2025-03-10T10:42:36","guid":{"rendered":"https:\/\/biosalut.cat\/?page_id=3186"},"modified":"2025-03-23T12:52:13","modified_gmt":"2025-03-23T12:52:13","slug":"aviso_legal","status":"publish","type":"page","link":"https:\/\/biosalut.cat\/es\/avis_legal\/","title":{"rendered":"Aviso Legal"},"content":{"rendered":"<div data-elementor-type=\"wp-page\" data-elementor-id=\"3186\" class=\"elementor elementor-3186\" data-elementor-post-type=\"page\">\n\t\t\t\t<div class=\"elementor-element elementor-element-65c4e7b e-flex e-con-boxed e-con e-parent\" data-id=\"65c4e7b\" data-element_type=\"container\" data-e-type=\"container\">\n\t\t\t\t\t<div class=\"e-con-inner\">\n\t\t\t\t<div class=\"elementor-element elementor-element-6a8a4d3 elementor-widget__width-initial elementor-widget elementor-widget-text-editor\" data-id=\"6a8a4d3\" data-element_type=\"widget\" data-e-type=\"widget\" data-widget_type=\"text-editor.default\">\n\t\t\t\t<div class=\"elementor-widget-container\">\n\t\t\t\t\t\t\t\t\t<p style=\"text-align: center;\"><strong>&nbsp;<\/strong><\/p>\n<p style=\"text-align: center;\"><strong>&nbsp;<\/strong><\/p>\n<p style=\"text-align: center;\"><strong>AVISO LEGAL<\/strong><\/p>\n<p style=\"text-align: center;\"><strong>&nbsp;<\/strong><\/p>\n<p>De acuerdo con lo exigido por el art\u00edculo 10 de la Ley 34\/2002, de 11 de julio, de Servicios de la Sociedad de la Informaci\u00f3n y Comercio Electr\u00f3nico (LSSI-CE), BIOSALUT informa de los siguientes datos:<\/p>\n<p><strong>TITULAR DEL SITIO WEB<\/strong><\/p>\n<p class=\" translation-block\">Raz\u00f3n Social: Biosalut<br> NIF: 39176889T<br> Denominaci\u00f3n comercial: Biosalut<br> Domicilio fiscal: Calle Vall\u00e8s, 35A, 08201 Sabadell<br> Contacto: <a href=\"mailto:info@biosalut.cat\" target=\"_self\">info@biosalut.cat<\/a><br> Tel\u00e9fono de contacto: 600 911 225 \/ 93 102 02 52<\/p>\n<p><strong>COOKIES<\/strong><\/p>\n<p>Biosalut.cat utiliza cookies para facilitar la navegaci\u00f3n en este portal y obtener una mayor eficacia y personalizaci\u00f3n de los servicios ofrecidos a los usuarios. Las cookies utilizadas en Biosalut.cat se asocian \u00fanicamente a un usuario an\u00f3nimo y su ordenador, no proporcionan referencias que permitan deducir el nombre y apellidos del usuario y no pueden leer datos de su disco duro ni incluir virus en sus equipos. Adem\u00e1s, Biosalut.cat no puede leer las cookies implantadas en el disco duro del usuario desde otros servidores.<\/p>\n<p>El usuario puede decidir libremente sobre la implantaci\u00f3n o no en su disco duro de las cookies utilizadas en Biosalut.cat. En este sentido, el usuario puede configurar su navegador para aceptar o rechazar por defecto todas las cookies o para recibir un aviso en pantalla sobre la recepci\u00f3n de cada cookie y decidir en ese momento su implantaci\u00f3n o no en su disco duro. Aunque el usuario configure su navegador para rechazar todas las cookies o rechace expresamente las cookies de Biosalut.cat, podr\u00e1 navegar por el portal con el \u00fanico inconveniente de no poder disfrutar de las funcionalidades del portal que requieran la instalaci\u00f3n de alguna de ellas. En cualquier caso, el usuario podr\u00e1 eliminar las cookies de Biosalut.cat implantadas en su disco duro en cualquier momento, siguiendo el procedimiento establecido en la secci\u00f3n de ayuda de su navegador o accediendo al enlace \"Pol\u00edtica de Cookies\" de este sitio web.<\/p>\n<p><strong>POL\u00cdTICA DE ENLACES<\/strong><\/p>\n<p>En caso de que un usuario de Internet introduzca un enlace desde su propio sitio web al sitio web de Biosalut, el enlace solo vincular\u00e1 con la p\u00e1gina principal de este \u00faltimo, pero no podr\u00e1 reproducirla de ninguna manera. Si se muestran los contenidos del sitio web junto con contenidos ajenos al mismo, estos no podr\u00e1n inducir a error, confusi\u00f3n o enga\u00f1o a los usuarios sobre la procedencia de los contenidos, ni suponer un acto de comparaci\u00f3n o imitaci\u00f3n desleal o un aprovechamiento de la reputaci\u00f3n de Biosalut.<\/p>\n<p>Desde la p\u00e1gina que introduzca el enlace no se realizar\u00e1 ninguna declaraci\u00f3n falsa o inexacta sobre Biosalut, ni se indicar\u00e1 en esa p\u00e1gina que se cuenta con el consentimiento de Biosalut para la inserci\u00f3n del enlace, o que Biosalut tiene alguna relaci\u00f3n o colaboraci\u00f3n con dicha p\u00e1gina.<\/p>\n<p>Salvo en los casos permitidos por la ley o expresamente autorizados por Biosalut, siempre que se permita un enlace directo con su sitio web, queda prohibido el uso de cualquier marca o signo distintivo de Biosalut dentro de la p\u00e1gina donde se encuentre el enlace, salvo autorizaci\u00f3n expresa.<\/p>\n<p>La p\u00e1gina que establezca el enlace debe cumplir con la ley y no disponer ni enlazar con contenidos il\u00edcitos o contrarios a la moral y a las buenas costumbres.<\/p>\n<p>Por su parte, el propio sitio web incluye dispositivos t\u00e9cnicos de enlace que permiten al usuario acceder a otras p\u00e1ginas y portales de Internet. Biosalut act\u00faa como prestador de servicios de intermediaci\u00f3n de acuerdo con el art\u00edculo 17 de la Ley 34\/2002, de 11 de julio, de Servicios de la Sociedad de la Informaci\u00f3n y Comercio Electr\u00f3nico, y solo ser\u00e1 responsable de los contenidos y servicios suministrados en los sitios enlazados en caso de que, habiendo tenido conocimiento efectivo, seg\u00fan lo previsto en dicha Ley, de la ilicitud, no haya desactivado el enlace. La existencia de sitios enlazados no implica que existan acuerdos con los responsables o titulares de los mismos, y Biosalut no se hace responsable de los da\u00f1os producidos por la ilicitud, calidad, desactualizaci\u00f3n, indisponibilidad, error e inutilidad de los contenidos de dichos sitios, ya que los desconoce.\nEn cualquier caso, si el usuario tuviera conocimiento de que los sitios enlazados remiten a p\u00e1ginas cuyos contenidos o servicios son il\u00edcitos o contrarios a la moral, deber\u00e1 comunicarlo a Biosalut.<\/p>\n<p class=\" translation-block\">Para ello, se habilita la direcci\u00f3n de correo electr\u00f3nico <a href=\"mailto:info@biosalut.cat\" target=\"_self\">info@biosalut.cat<\/a>, y los usuarios deber\u00e1n comunicar: nombre, direcci\u00f3n, n\u00famero de tel\u00e9fono y correo electr\u00f3nico, especificaci\u00f3n de la supuesta actividad il\u00edcita realizada en el Portal y hechos o circunstancias que revelen el car\u00e1cter il\u00edcito de dicha actividad.<\/p>\n<p><strong>CONDICIONES DE USO<\/strong><\/p>\n<p>El uso de la p\u00e1gina otorga la condici\u00f3n de usuario e implica la aceptaci\u00f3n de las condiciones del aviso legal, pol\u00edtica de privacidad y condiciones de uso. Si el usuario no est\u00e1 conforme, deber\u00e1 abstenerse de utilizar la p\u00e1gina.\nEl usuario est\u00e1 obligado y se compromete a utilizar la p\u00e1gina y los contenidos de acuerdo con la legislaci\u00f3n vigente, el Aviso Legal y cualquier otro aviso contenido en esta p\u00e1gina, as\u00ed como con las normas de convivencia, la moral y las buenas costumbres generalmente aceptadas.<\/p>\n<p>El usuario se compromete a no transmitir, difundir ni poner a disposici\u00f3n de terceros cualquier contenido de la P\u00e1gina, como informaciones, textos, datos, contenidos, mensajes, gr\u00e1ficos, dibujos, archivos de sonido y\/o imagen, fotograf\u00edas, grabaciones, software, logotipos, marcas, iconos, tecnolog\u00eda, enlaces, dise\u00f1o gr\u00e1fico y c\u00f3digos fuente, o cualquier otro material al que haya accedido en su condici\u00f3n de usuario de la P\u00e1gina, sin que esta enumeraci\u00f3n tenga car\u00e1cter limitativo.<\/p>\n<p><strong>PROPIEDAD INTELECTUAL E INDUSTRIAL<\/strong><\/p>\n<p>Todas las marcas, nombres comerciales o signos distintivos de cualquier clase que aparecen en la p\u00e1gina son propiedad de Biosalut o, en su caso, de terceros que han autorizado su uso. El uso o acceso al portal y\/o a los contenidos no atribuye al usuario ning\u00fan derecho sobre las marcas, nombres comerciales y\/o signos distintivos mencionados, ni se entiende cedido ning\u00fan derecho de explotaci\u00f3n sobre los mismos, salvo autorizaci\u00f3n expresa del leg\u00edtimo titular.<\/p>\n<p><strong>REDES SOCIALES OFICIALES<\/strong><\/p>\n<p>El prestador de servicios de las p\u00e1ginas oficiales de Biosalut en redes sociales es la entidad Biosalut, con NIF 39176889T y domicilio social en Carrer Vall\u00e8s, 35A, 08201 Sabadell, siendo el mismo domicilio a efectos de notificaciones.<\/p>\n<p>El acceso y uso de estas p\u00e1ginas requiere la aceptaci\u00f3n de las condiciones generales de uso de redes sociales y la pol\u00edtica de privacidad que se detalla m\u00e1s adelante, complet\u00e1ndose con las pol\u00edticas y normas de las plataformas de redes sociales.<\/p>\n<p class=\" translation-block\">Para cualquier consulta o contacto con Biosalut, los usuarios podr\u00e1n comunicarse a trav\u00e9s del n\u00famero de tel\u00e9fono 600 911 225 o mediante la siguiente direcci\u00f3n de correo electr\u00f3nico: <a href=\"mailto:info@biosalut.cat\" target=\"_self\">info@biosalut.cat<\/a>.<\/p>\n<p><strong>LEGISLACI\u00d3N Y JURISDICCI\u00d3N<\/strong><\/p>\n<p>Biosalut se reserva la facultad de emprender las acciones civiles o penales que considere oportunas en caso de uso indebido de su sitio web y contenidos, o por el incumplimiento de las presentes condiciones.<\/p>\n<p>En caso de discrepancia entre lo establecido en el presente Aviso Legal y las Condiciones Particulares de cada servicio espec\u00edfico, prevalecer\u00e1 lo dispuesto en estas \u00faltimas.<\/p>\n<p>Si cualquier disposici\u00f3n o parte de una disposici\u00f3n contenida en el presente Aviso Legal fuera declarada nula o inaplicable, en su totalidad o en parte, por cualquier Juzgado, Tribunal u \u00f3rgano administrativo competente, dicha nulidad o inaplicabilidad no afectar\u00e1 al resto de disposiciones del presente Aviso Legal ni a las Condiciones Particulares de los distintos servicios del sitio web.<\/p>\n<p>El hecho de que Biosalut no ejerza o ejecute cualquier derecho o disposici\u00f3n contenida en estas Condiciones Generales no constituir\u00e1 una renuncia al mismo, salvo reconocimiento y acuerdo expreso por escrito.<\/p>\n<p>La relaci\u00f3n entre el usuario y el prestador se regir\u00e1 por la normativa vigente y aplicable en el territorio espa\u00f1ol. En caso de surgir cualquier controversia, las partes podr\u00e1n someter sus conflictos a arbitraje o acudir a la jurisdicci\u00f3n ordinaria, cumpliendo con las normas sobre jurisdicci\u00f3n y competencia al respecto. Biosalut tiene su domicilio en Sabadell, Espa\u00f1a.<\/p><p><br><\/p>\n<p>Fecha de actualizaci\u00f3n: Marzo 2025.<\/p><p><br><\/p><p><br><\/p><p><br><\/p>\t\t\t\t\t\t\t\t<\/div>\n\t\t\t\t<\/div>\n\t\t\t\t\t<\/div>\n\t\t\t\t<\/div>\n\t\t\t\t<\/div>","protected":false},"excerpt":{"rendered":"<p>&nbsp; &nbsp; AV\u00cdS LEGAL &nbsp; D\u2019acord amb l\u2019exig\u00e8ncia de l\u2019article 10 de la Llei 34\/2002, de 11 de juliol, de Serveis de la Societat de la Informaci\u00f3 i Comer\u00e7 Electr\u00f2nic (LSSI-CE), BIOSALUT informa dels seg\u00fcents dades: TITULAR DEL SITIO WEB Ra\u00f3 Social: BiosalutNIF: 39176889TDenominaci\u00f3 comercial: BiosalutDomicili fiscal: Carrer Vall\u00e8s, 35A, 08201 SabadellContacte: info@biosalut.catTel\u00e8fon de contacte: [&hellip;]<\/p>\n","protected":false},"author":2,"featured_media":0,"parent":0,"menu_order":0,"comment_status":"closed","ping_status":"closed","template":"","meta":{"_analytify_skip_tracking":false,"site-sidebar-layout":"no-sidebar","site-content-layout":"page-builder","ast-site-content-layout":"full-width-container","site-content-style":"default","site-sidebar-style":"default","ast-global-header-display":"","ast-banner-title-visibility":"","ast-main-header-display":"","ast-hfb-above-header-display":"","ast-hfb-below-header-display":"","ast-hfb-mobile-header-display":"","site-post-title":"disabled","ast-breadcrumbs-content":"","ast-featured-img":"disabled","footer-sml-layout":"","ast-disable-related-posts":"","theme-transparent-header-meta":"","adv-header-id-meta":"","stick-header-meta":"","header-above-stick-meta":"","header-main-stick-meta":"","header-below-stick-meta":"","astra-migrate-meta-layouts":"set","ast-page-background-enabled":"default","ast-page-background-meta":{"desktop":{"background-color":"var(--ast-global-color-4)","background-image":"","background-repeat":"repeat","background-position":"center center","background-size":"auto","background-attachment":"scroll","background-type":"","background-media":"","overlay-type":"","overlay-color":"","overlay-opacity":"","overlay-gradient":""},"tablet":{"background-color":"","background-image":"","background-repeat":"repeat","background-position":"center center","background-size":"auto","background-attachment":"scroll","background-type":"","background-media":"","overlay-type":"","overlay-color":"","overlay-opacity":"","overlay-gradient":""},"mobile":{"background-color":"","background-image":"","background-repeat":"repeat","background-position":"center center","background-size":"auto","background-attachment":"scroll","background-type":"","background-media":"","overlay-type":"","overlay-color":"","overlay-opacity":"","overlay-gradient":""}},"ast-content-background-meta":{"desktop":{"background-color":"var(--ast-global-color-5)","background-image":"","background-repeat":"repeat","background-position":"center center","background-size":"auto","background-attachment":"scroll","background-type":"","background-media":"","overlay-type":"","overlay-color":"","overlay-opacity":"","overlay-gradient":""},"tablet":{"background-color":"var(--ast-global-color-5)","background-image":"","background-repeat":"repeat","background-position":"center center","background-size":"auto","background-attachment":"scroll","background-type":"","background-media":"","overlay-type":"","overlay-color":"","overlay-opacity":"","overlay-gradient":""},"mobile":{"background-color":"var(--ast-global-color-5)","background-image":"","background-repeat":"repeat","background-position":"center center","background-size":"auto","background-attachment":"scroll","background-type":"","background-media":"","overlay-type":"","overlay-color":"","overlay-opacity":"","overlay-gradient":""}},"footnotes":""},"class_list":["post-3186","page","type-page","status-publish","hentry"],"jetpack_sharing_enabled":true,"rttpg_featured_image_url":null,"rttpg_author":{"display_name":"Rosalia Boncompte","author_link":"https:\/\/biosalut.cat\/es\/author\/rosaliabiosalut-cat\/"},"rttpg_comment":0,"rttpg_category":null,"rttpg_excerpt":"&nbsp; &nbsp; AV\u00cdS LEGAL &nbsp; D\u2019acord amb l\u2019exig\u00e8ncia de l\u2019article 10 de la Llei 34\/2002, de 11 de juliol, de Serveis de la Societat de la Informaci\u00f3 i Comer\u00e7 Electr\u00f2nic (LSSI-CE), BIOSALUT informa dels seg\u00fcents dades: TITULAR DEL SITIO WEB Ra\u00f3 Social: BiosalutNIF: 39176889TDenominaci\u00f3 comercial: BiosalutDomicili fiscal: Carrer Vall\u00e8s, 35A, 08201 SabadellContacte: info@biosalut.catTel\u00e8fon de contacte:&hellip;","_links":{"self":[{"href":"https:\/\/biosalut.cat\/es\/wp-json\/wp\/v2\/pages\/3186","targetHints":{"allow":["GET"]}}],"collection":[{"href":"https:\/\/biosalut.cat\/es\/wp-json\/wp\/v2\/pages"}],"about":[{"href":"https:\/\/biosalut.cat\/es\/wp-json\/wp\/v2\/types\/page"}],"author":[{"embeddable":true,"href":"https:\/\/biosalut.cat\/es\/wp-json\/wp\/v2\/users\/2"}],"replies":[{"embeddable":true,"href":"https:\/\/biosalut.cat\/es\/wp-json\/wp\/v2\/comments?post=3186"}],"version-history":[{"count":21,"href":"https:\/\/biosalut.cat\/es\/wp-json\/wp\/v2\/pages\/3186\/revisions"}],"predecessor-version":[{"id":3594,"href":"https:\/\/biosalut.cat\/es\/wp-json\/wp\/v2\/pages\/3186\/revisions\/3594"}],"wp:attachment":[{"href":"https:\/\/biosalut.cat\/es\/wp-json\/wp\/v2\/media?parent=3186"}],"curies":[{"name":"wp","href":"https:\/\/api.w.org\/{rel}","templated":true}]}}