{"id":3241,"date":"2025-03-10T16:39:35","date_gmt":"2025-03-10T16:39:35","guid":{"rendered":"https:\/\/biosalut.cat\/?page_id=3241"},"modified":"2025-03-10T16:47:51","modified_gmt":"2025-03-10T16:47:51","slug":"politica_cookies","status":"publish","type":"page","link":"https:\/\/biosalut.cat\/es\/politica_cookies\/","title":{"rendered":"POL\u00cdTICA DE COOKIES"},"content":{"rendered":"<div data-elementor-type=\"wp-page\" data-elementor-id=\"3241\" class=\"elementor elementor-3241\" data-elementor-post-type=\"page\">\n\t\t\t\t<div class=\"elementor-element elementor-element-65c4e7b e-flex e-con-boxed e-con e-parent\" data-id=\"65c4e7b\" data-element_type=\"container\" data-e-type=\"container\">\n\t\t\t\t\t<div class=\"e-con-inner\">\n\t\t\t\t<div class=\"elementor-element elementor-element-6a8a4d3 elementor-widget__width-initial elementor-widget elementor-widget-text-editor\" data-id=\"6a8a4d3\" data-element_type=\"widget\" data-e-type=\"widget\" data-widget_type=\"text-editor.default\">\n\t\t\t\t<div class=\"elementor-widget-container\">\n\t\t\t\t\t\t\t\t\t<p style=\"text-align: center;\"><strong>&nbsp;<\/strong><\/p>\n<p style=\"text-align: center;\"><strong>&nbsp;<\/strong><\/p>\n<p style=\"text-align: center;\"><strong>POL\u00cdTICA DE COOKIES<\/strong><\/p><p style=\"text-align: center;\"><strong><br><\/strong><\/p><p style=\"text-align: center;\"><strong><br><\/strong><\/p>\n<p style=\"text-align: center;\">\n<\/p><p><strong>DESCRIPCI\u00d3N Y FINALIDAD<\/strong><\/p>\n<p>Las cookies son archivos que el sitio web o la aplicaci\u00f3n que utiliza un usuario instala en su navegador o dispositivo durante el recorrido por las p\u00e1ginas o aplicaciones, y sirven para almacenar informaci\u00f3n sobre la visita. Como la mayor\u00eda de sitios en Internet, los portales web utilizan cookies con las siguientes finalidades:<\/p>\n<ul>\n<li>Asegurar que las p\u00e1ginas web pueden funcionar correctamente.<\/li>\n<li>Almacenar las preferencias, como el idioma seleccionado o el tama\u00f1o de la letra.<\/li>\n<li>Conocer la experiencia de navegaci\u00f3n del usuario.<\/li>\n<li>Recoger informaci\u00f3n estad\u00edstica an\u00f3nima, como las p\u00e1ginas visitadas o la duraci\u00f3n de la conexi\u00f3n.<\/li>\n<\/ul>\n<p>El uso de cookies nos permite optimizar la navegaci\u00f3n, adaptando la informaci\u00f3n y los servicios ofrecidos a los intereses del usuario, para proporcionar una mejor experiencia siempre que visite la p\u00e1gina.<\/p>\n<p class=\" translation-block\">Las cookies se asocian \u00fanicamente a un usuario an\u00f3nimo y a su ordenador\/dispositivo y no proporcionan referencias que permitan conocer datos personales. En todo momento, el usuario puede acceder a la configuraci\u00f3n de su navegador para modificar y\/o bloquear la instalaci\u00f3n de las cookies enviadas por los sitios web de\u00a0<strong><a href=\"https:\/\/biosalut.cat\/\" target=\"_self\">www.biosalut.cat<\/a><\/strong>.<\/p><p><br><\/p>\n<p><\/p>\n<p><strong>COOKIES DE GOOGLE ANALYTICS<\/strong><\/p>\n<p>Google Analytics almacena cookies para poder elaborar estad\u00edsticas sobre el tr\u00e1fico y volumen de visitas de este sitio web. Al utilizar este sitio web, usted est\u00e1 consintiendo el tratamiento de informaci\u00f3n sobre usted por parte de Google. Por lo tanto, el ejercicio de cualquier derecho en este sentido deber\u00e1 hacerse comunic\u00e1ndose directamente con Google.<\/p>\n<p>Las cookies de Google Analytics se almacenan en servidores ubicados en Estados Unidos y Google se compromete a no compartirlas con terceros, excepto en los casos en que sea necesario para el funcionamiento del sistema o cuando la ley lo exija. Seg\u00fan Google, no se guarda su direcci\u00f3n IP.<\/p>\n<p class=\" translation-block\">Google Inc. es una compa\u00f1\u00eda adherida al programa\u00a0<strong>Privacy Shield<\/strong>\u00a0(escudo de privacidad), que garantiza que todos los datos transferidos ser\u00e1n tratados con un nivel de protecci\u00f3n acorde con la normativa europea. Puede consultar informaci\u00f3n detallada sobre este tema a trav\u00e9s del siguiente enlace:<br><a href=\"https:\/\/support.google.com\/analytics\/answer\/6004245\" target=\"_self\">https:\/\/support.google.com\/analytics\/answer\/6004245<\/a>.<\/p><p><br><\/p>\n<p><\/p>\n<p><strong>ADAPTACI\u00d3N A LA LEY 34\/2002<\/strong><\/p>\n<p class=\" translation-block\">De acuerdo con la Ley 34\/2002, de 11 de julio, de Servicios de la Sociedad de la Informaci\u00f3n y Comercio Electr\u00f3nico (LSSI-CE), si lo desea puede utilizar el complemento de inhabilitaci\u00f3n para navegadores de Google Analytics, mediante las instrucciones del cual se pueden rechazar las cookies anal\u00edticas de este servicio en todos los navegadores. Puede consultar m\u00e1s informaci\u00f3n al respecto en el siguiente enlace:<br><a href=\"https:\/\/tools.google.com\/dlpage\/gaoptout\" target=\"_self\">https:\/\/tools.google.com\/dlpage\/gaoptout<\/a>.<\/p><p><br><\/p>\n<p><\/p>\n<p><strong>UTILIDAD DE LAS COOKIES<\/strong><\/p>\n<p>Desde un punto de vista t\u00e9cnico:<\/p>\n<ul>\n<li>Permiten que los sitios web funcionen de manera m\u00e1s \u00e1gil y adaptada a las preferencias de los usuarios (por ejemplo, almacenar el idioma o detectar el dispositivo de acceso).<\/li>\n<li>Establecen niveles de protecci\u00f3n y seguridad que impiden o dificultan ciberataques contra el sitio web o sus usuarios.<\/li>\n<\/ul>\n<p>Desde un punto de vista estad\u00edstico:<\/p>\n<ul>\n<li>Permiten a los gestores de los medios conocer datos recopilados mediante cookies para mejorar la calidad y la experiencia de sus servicios.<\/li>\n<\/ul>\n<p>Desde un punto de vista publicitario:<\/p>\n<ul>\n<li>Sirven para optimizar la publicidad mostrada a los usuarios, ofreciendo aquella que m\u00e1s se ajusta a sus intereses.<\/li>\n<\/ul>\n<div>&nbsp;<\/div>\n<div>&nbsp;<\/div>\t\t\t\t\t\t\t\t<\/div>\n\t\t\t\t<\/div>\n\t\t\t\t\t<\/div>\n\t\t\t\t<\/div>\n\t\t\t\t<\/div>","protected":false},"excerpt":{"rendered":"<p>&nbsp; &nbsp; POL\u00cdTICA DE COOKIES DESCRIPCI\u00d3 I FINALITAT Les cookies s\u00f3n arxius que el lloc web o l&#8217;aplicaci\u00f3 que utilitza un usuari instal\u00b7la al seu navegador o dispositiu durant el recorregut per les p\u00e0gines o aplicacions, i serveixen per emmagatzemar informaci\u00f3 sobre la visita. Com la majoria de llocs a Internet, els portals web utilitzen [&hellip;]<\/p>\n","protected":false},"author":2,"featured_media":0,"parent":0,"menu_order":0,"comment_status":"closed","ping_status":"closed","template":"","meta":{"_analytify_skip_tracking":false,"site-sidebar-layout":"no-sidebar","site-content-layout":"page-builder","ast-site-content-layout":"full-width-container","site-content-style":"default","site-sidebar-style":"default","ast-global-header-display":"","ast-banner-title-visibility":"","ast-main-header-display":"","ast-hfb-above-header-display":"","ast-hfb-below-header-display":"","ast-hfb-mobile-header-display":"","site-post-title":"disabled","ast-breadcrumbs-content":"","ast-featured-img":"disabled","footer-sml-layout":"","ast-disable-related-posts":"","theme-transparent-header-meta":"","adv-header-id-meta":"","stick-header-meta":"","header-above-stick-meta":"","header-main-stick-meta":"","header-below-stick-meta":"","astra-migrate-meta-layouts":"set","ast-page-background-enabled":"default","ast-page-background-meta":{"desktop":{"background-color":"var(--ast-global-color-4)","background-image":"","background-repeat":"repeat","background-position":"center center","background-size":"auto","background-attachment":"scroll","background-type":"","background-media":"","overlay-type":"","overlay-color":"","overlay-opacity":"","overlay-gradient":""},"tablet":{"background-color":"","background-image":"","background-repeat":"repeat","background-position":"center center","background-size":"auto","background-attachment":"scroll","background-type":"","background-media":"","overlay-type":"","overlay-color":"","overlay-opacity":"","overlay-gradient":""},"mobile":{"background-color":"","background-image":"","background-repeat":"repeat","background-position":"center center","background-size":"auto","background-attachment":"scroll","background-type":"","background-media":"","overlay-type":"","overlay-color":"","overlay-opacity":"","overlay-gradient":""}},"ast-content-background-meta":{"desktop":{"background-color":"var(--ast-global-color-5)","background-image":"","background-repeat":"repeat","background-position":"center center","background-size":"auto","background-attachment":"scroll","background-type":"","background-media":"","overlay-type":"","overlay-color":"","overlay-opacity":"","overlay-gradient":""},"tablet":{"background-color":"var(--ast-global-color-5)","background-image":"","background-repeat":"repeat","background-position":"center center","background-size":"auto","background-attachment":"scroll","background-type":"","background-media":"","overlay-type":"","overlay-color":"","overlay-opacity":"","overlay-gradient":""},"mobile":{"background-color":"var(--ast-global-color-5)","background-image":"","background-repeat":"repeat","background-position":"center center","background-size":"auto","background-attachment":"scroll","background-type":"","background-media":"","overlay-type":"","overlay-color":"","overlay-opacity":"","overlay-gradient":""}},"footnotes":""},"class_list":["post-3241","page","type-page","status-publish","hentry"],"jetpack_sharing_enabled":true,"rttpg_featured_image_url":null,"rttpg_author":{"display_name":"Rosalia Boncompte","author_link":"https:\/\/biosalut.cat\/es\/author\/rosaliabiosalut-cat\/"},"rttpg_comment":0,"rttpg_category":null,"rttpg_excerpt":"&nbsp; &nbsp; POL\u00cdTICA DE COOKIES DESCRIPCI\u00d3 I FINALITAT Les cookies s\u00f3n arxius que el lloc web o l&#8217;aplicaci\u00f3 que utilitza un usuari instal\u00b7la al seu navegador o dispositiu durant el recorregut per les p\u00e0gines o aplicacions, i serveixen per emmagatzemar informaci\u00f3 sobre la visita. Com la majoria de llocs a Internet, els portals web utilitzen&hellip;","_links":{"self":[{"href":"https:\/\/biosalut.cat\/es\/wp-json\/wp\/v2\/pages\/3241","targetHints":{"allow":["GET"]}}],"collection":[{"href":"https:\/\/biosalut.cat\/es\/wp-json\/wp\/v2\/pages"}],"about":[{"href":"https:\/\/biosalut.cat\/es\/wp-json\/wp\/v2\/types\/page"}],"author":[{"embeddable":true,"href":"https:\/\/biosalut.cat\/es\/wp-json\/wp\/v2\/users\/2"}],"replies":[{"embeddable":true,"href":"https:\/\/biosalut.cat\/es\/wp-json\/wp\/v2\/comments?post=3241"}],"version-history":[{"count":8,"href":"https:\/\/biosalut.cat\/es\/wp-json\/wp\/v2\/pages\/3241\/revisions"}],"predecessor-version":[{"id":3250,"href":"https:\/\/biosalut.cat\/es\/wp-json\/wp\/v2\/pages\/3241\/revisions\/3250"}],"wp:attachment":[{"href":"https:\/\/biosalut.cat\/es\/wp-json\/wp\/v2\/media?parent=3241"}],"curies":[{"name":"wp","href":"https:\/\/api.w.org\/{rel}","templated":true}]}}